{"id":23,"date":"2018-09-03T16:00:50","date_gmt":"2018-09-03T16:00:50","guid":{"rendered":"https:\/\/uninetbs.org\/?page_id=23"},"modified":"2018-09-09T14:57:19","modified_gmt":"2018-09-09T14:57:19","slug":"misiones-academicas","status":"publish","type":"page","link":"https:\/\/uninetbs.org\/index.php\/misiones-academicas\/","title":{"rendered":"Misiones Acad\u00e9micas"},"content":{"rendered":"<div class=\"fw-main-row \" style=\"background-color:#fff;\">\n\t<div style=\"padding-bottom: ;padding-top: \" class=\"fw-container \">\n\t\t<div class=\"fw-row\">\n\t\n<div class=\" fw-col-xs-12 \" style=\"background: \">\n\t<img loading=\"lazy\" decoding=\"async\" src=\"https:\/\/uninetbs.org\/wp-content\/uploads\/2018\/09\/misaca-1080x369.jpg\" alt=\"https:\/\/uninetbs.org\/wp-content\/uploads\/2018\/09\/misaca-1080x369.jpg\" class=\"img-responsive img-radius\" width=\"1080\" height=\"369\" \/><\/div>\n<\/div>\n\n<div class=\"fw-row\">\n\t\n<div class=\" fw-col-xs-12 \" style=\"background: \">\n\t\n\t<div class=\"fw-divider-space\" style=\"padding-top: 50px;\"><\/div>\n<\/div>\n<\/div>\n\n<div class=\"fw-row\">\n\t\n<div class=\" fw-col-xs-12 \" style=\"background: \">\n\t<div class=\"fw-heading fw-heading-h1 \">\n\t<div class=\"text-center\" style=\"color:;margin-top: ;margin-right: ;margin-bottom: ;margin-left: ;\">\n\t<h1 class='fw-special-title'>MISIONES ACAD\u00c9MICAS<\/h1>\n<span class=\"bottom-bar\" style=\"margin-bottom:0px;margin-top:20px;height:2px;width:100%; background: #cd0e0e\"><\/span>\n<\/div>\n\n\n\t<\/div><\/div>\n<\/div>\n\n<div class=\"fw-row\">\n\t\n<div class=\" fw-col-xs-12 fw-col-sm-6 \" style=\"background: \">\n\t<p>Se busca mediante las misiones acad\u00e9micas que los participantes tengan una visi\u00f3n diferente a partir de las experiencias con instituciones educativas y empresas de otros pa\u00edses como complemento a su formaci\u00f3n.<\/p><p>Estos programas con duraci\u00f3n de una hasta 3 semanas, ofrecen oportunidades acad\u00e9mico-culturales \u00fanicas, una experiencia donde los participantes pueden visitar corporaciones multinacionales, universidades extranjeras, participar en conferencias, seminarios charlas internacionales con destacados expositores y al mismo tiempo compartir con la cultura y principales atractivos del pa\u00eds que se visita.<\/p><\/div>\n\n<div class=\" fw-col-xs-12 fw-col-sm-6 \" style=\"background: \">\n\t<p>Las misiones acad\u00e9micas de Uninet BS estan dise\u00f1adas como mecanismos de internacionalizaci\u00f3n de los programas acad\u00e9micos a trav\u00e9s de la gesti\u00f3n del conocimiento. Mediante las Redes Educativas Internacionales podemos articular redes de trabajo colaborativo entre instituciones educativas de todo el mundo.<\/p><p>En Uninet Business School como parte de ese esfuerzo institucional\u00a0 se encuentran el fortalecimiento de las Relaciones Interinstitucionales, como un mecanismo para conseguir que la comunidad acad\u00e9mica y empresarial se integren y compartan experiencias, investigaciones y destrezas para garantizar que el conocimiento responde a los requerimientos mundo globalizado actual.<\/p><\/div>\n<\/div>\n\n\t<\/div>\n<\/div>\n\n","protected":false},"excerpt":{"rendered":"MISIONES ACAD\u00c9MICAS Se busca mediante las misiones acad\u00e9micas [&hellip;]","protected":false},"author":1,"featured_media":0,"parent":0,"menu_order":0,"comment_status":"closed","ping_status":"closed","template":"page-templates\/template-fullwidth.php","meta":{"footnotes":""},"class_list":["post-23","page","type-page","status-publish","hentry"],"_links":{"self":[{"href":"https:\/\/uninetbs.org\/index.php\/wp-json\/wp\/v2\/pages\/23","targetHints":{"allow":["GET"]}}],"collection":[{"href":"https:\/\/uninetbs.org\/index.php\/wp-json\/wp\/v2\/pages"}],"about":[{"href":"https:\/\/uninetbs.org\/index.php\/wp-json\/wp\/v2\/types\/page"}],"author":[{"embeddable":true,"href":"https:\/\/uninetbs.org\/index.php\/wp-json\/wp\/v2\/users\/1"}],"replies":[{"embeddable":true,"href":"https:\/\/uninetbs.org\/index.php\/wp-json\/wp\/v2\/comments?post=23"}],"version-history":[{"count":4,"href":"https:\/\/uninetbs.org\/index.php\/wp-json\/wp\/v2\/pages\/23\/revisions"}],"predecessor-version":[{"id":380,"href":"https:\/\/uninetbs.org\/index.php\/wp-json\/wp\/v2\/pages\/23\/revisions\/380"}],"wp:attachment":[{"href":"https:\/\/uninetbs.org\/index.php\/wp-json\/wp\/v2\/media?parent=23"}],"curies":[{"name":"wp","href":"https:\/\/api.w.org\/{rel}","templated":true}]}}