{"id":186,"date":"2018-09-04T02:01:09","date_gmt":"2018-09-04T02:01:09","guid":{"rendered":"https:\/\/uninetbs.org\/?page_id=186"},"modified":"2025-06-26T15:17:50","modified_gmt":"2025-06-26T15:17:50","slug":"nosotros","status":"publish","type":"page","link":"https:\/\/uninetbs.org\/","title":{"rendered":"Nosotros"},"content":{"rendered":"<div class=\"fw-main-row \" style=\"background-color:#fff;\">\n\t<div style=\"padding-bottom: ;padding-top: \" class=\"fw-container \">\n\t\t<div class=\"fw-row\">\n\t\n<div class=\" fw-col-xs-12 \" style=\"background: \">\n\t<img loading=\"lazy\" decoding=\"async\" src=\"https:\/\/uninetbs.org\/wp-content\/uploads\/2018\/09\/nosotros-1080x369.jpg\" alt=\"https:\/\/uninetbs.org\/wp-content\/uploads\/2018\/09\/nosotros-1080x369.jpg\" class=\"img-responsive img-radius\" width=\"1080\" height=\"369\" \/><\/div>\n<\/div>\n\n<div class=\"fw-row\">\n\t\n<div class=\" fw-col-xs-12 \" style=\"background: \">\n\t\n\t<div class=\"fw-divider-space\" style=\"padding-top: 50px;\"><\/div>\n<\/div>\n<\/div>\n\n<div class=\"fw-row\">\n\t\n<div class=\" fw-col-xs-12 \" style=\"background: \">\n\t<div class=\"fw-heading fw-heading-h1 \">\n\t<div class=\"text-center\" style=\"color:;margin-top: ;margin-right: ;margin-bottom: ;margin-left: ;\">\n\t<h1 class='fw-special-title'>Uninet Business School<\/h1>\n<span class=\"bottom-bar\" style=\"margin-bottom:0px;margin-top:20px;height:2px;width:100%; background: #cd0e0e\"><\/span>\n<\/div>\n\n\n\t<\/div><\/div>\n<\/div>\n\n<div class=\"fw-row\">\n\t\n<div class=\" fw-col-xs-12 fw-col-sm-6 \" style=\"background: \">\n\t<p>Uninet Business School es una escuela de negocios con acreditaci\u00f3n y reconocimiento internacional con programas acad\u00e9micos que buscan responder a las necesidades puntuales de formaci\u00f3n ejecutiva de las organizaciones a trav\u00e9s de una mezcla estrat\u00e9gica de investigaci\u00f3n, asesor\u00eda y dise\u00f1o de propuestas aplicadas a las realidades y desaf\u00edos empresariales.<\/p><p>Nuestros programas est\u00e1n desarrollados con una metodolog\u00eda de aprendizaje centrada en aportar habilidades y destrezas a los participantes de nuestros programas que de forma pr\u00e1ctica apliquen a la realidad de los negocios. Nuestros participantes conceptualizan, concientizan y pone en contexto lo aprendido en el espacio real de trabajo, generando construcci\u00f3n del conocimiento.<\/p><p>Uninet BS ofrece al sector empresarial y ejecutivo soluciones integrales de formacio\u0301n, capacitaci\u00f3n y actualizaci\u00f3n que promueven el desarrollo de competencias para la gesti\u00f3n administrativa en todos los niveles y \u00e1reas de la organizaci\u00f3n.<\/p><\/div>\n\n<div class=\" fw-col-xs-12 fw-col-sm-6 \" style=\"background: \">\n\t<p>Uninet BS busca el mejoramiento de la calidad de vida en Latinoamerica, apoyando actividades dirigidas a fortalecer el desarrollo de las personas a trav\u00e9s de procesos educativos y formativos con las diferentes escuelas de negocios, emprendimiento, innovaci\u00f3n, finanzas y tecnolog\u00eda.<\/p><p>Mediante convenios con universidades e instituciones educativas altamente acreditadas ofrecemos seminarios, congresos, talleres, cursos y diplomados de excelente calidad acad\u00e9mica con certificaci\u00f3n internacional.<\/p><p>Con nuestros asociados y aliados en Estados Unidos, Espa\u00f1a y Latinoamerica certificamos los programas acad\u00e9micos que ofrezcan en cada regi\u00f3n o ciudad, previo estudio de los contenidos program\u00e1ticos o temas a dictar, donde desarrollen talleres totalmente pr\u00e1cticos en las siguientes disciplinas, ofrecemos programas de mejoramiento continuo y transformacio\u0301n en todas sus \u00e1reas:<\/p><ul><li><strong>Direcci\u00f3n empresarial<\/strong><\/li><li><strong>Negocios y Finanzas<\/strong><\/li><li><strong>Marketing y Gesti\u00f3n Comercial<\/strong><\/li><li><strong>Innovaci\u00f3n y tecnolog\u00eda<\/strong><\/li><li><strong>Gesti\u00f3n Educativa<\/strong><\/li><li><strong>Blockchain<\/strong><\/li><\/ul><\/div>\n<\/div>\n\n\t<\/div>\n<\/div>\n\n","protected":false},"excerpt":{"rendered":"Uninet Business School Uninet Business School es una [&hellip;]","protected":false},"author":1,"featured_media":0,"parent":0,"menu_order":0,"comment_status":"closed","ping_status":"closed","template":"page-templates\/template-fullwidth.php","meta":{"footnotes":""},"class_list":["post-186","page","type-page","status-publish","hentry"],"_links":{"self":[{"href":"https:\/\/uninetbs.org\/index.php\/wp-json\/wp\/v2\/pages\/186","targetHints":{"allow":["GET"]}}],"collection":[{"href":"https:\/\/uninetbs.org\/index.php\/wp-json\/wp\/v2\/pages"}],"about":[{"href":"https:\/\/uninetbs.org\/index.php\/wp-json\/wp\/v2\/types\/page"}],"author":[{"embeddable":true,"href":"https:\/\/uninetbs.org\/index.php\/wp-json\/wp\/v2\/users\/1"}],"replies":[{"embeddable":true,"href":"https:\/\/uninetbs.org\/index.php\/wp-json\/wp\/v2\/comments?post=186"}],"version-history":[{"count":7,"href":"https:\/\/uninetbs.org\/index.php\/wp-json\/wp\/v2\/pages\/186\/revisions"}],"predecessor-version":[{"id":386,"href":"https:\/\/uninetbs.org\/index.php\/wp-json\/wp\/v2\/pages\/186\/revisions\/386"}],"wp:attachment":[{"href":"https:\/\/uninetbs.org\/index.php\/wp-json\/wp\/v2\/media?parent=186"}],"curies":[{"name":"wp","href":"https:\/\/api.w.org\/{rel}","templated":true}]}}