{"id":10,"date":"2018-09-03T15:59:31","date_gmt":"2018-09-03T15:59:31","guid":{"rendered":"https:\/\/uninetbs.org\/?page_id=10"},"modified":"2019-01-21T18:24:36","modified_gmt":"2019-01-21T18:24:36","slug":"riced","status":"publish","type":"page","link":"https:\/\/uninetbs.org\/index.php\/riced\/","title":{"rendered":"RICED"},"content":{"rendered":"<div class=\"fw-main-row \" style=\"background-color:#fff;\">\n\t<div style=\"padding-bottom: ;padding-top: \" class=\"fw-container \">\n\t\t<div class=\"fw-row\">\n\t\n<div class=\" fw-col-xs-12 \" style=\"background: \">\n\t<img loading=\"lazy\" decoding=\"async\" src=\"https:\/\/uninetbs.org\/wp-content\/uploads\/2018\/09\/ricedbg-1080x369.jpg\" alt=\"https:\/\/uninetbs.org\/wp-content\/uploads\/2018\/09\/ricedbg-1080x369.jpg\" class=\"img-responsive img-radius\" width=\"1080\" height=\"369\" \/><\/div>\n<\/div>\n\n<div class=\"fw-row\">\n\t\n<div class=\" fw-col-xs-12 \" style=\"background: \">\n\t\t<div class=\"fw-divider-line\"><hr \/><\/div>\n\n<\/div>\n<\/div>\n\n<div class=\"fw-row\">\n\t\n<div class=\" fw-col-xs-12 \" style=\"background: \">\n\t<div class=\"fw-heading fw-heading-h1 \">\n\t<div class=\"text-center\" style=\"color:;margin-top: ;margin-right: ;margin-bottom: ;margin-left: ;\">\n\t<h1 class='fw-special-title'>RED INTERNACIONAL DE CONFERENCISTAS, EXPERTOS Y DOCENTES<\/h1>\n<span class=\"bottom-bar\" style=\"margin-bottom:0px;margin-top:20px;height:2px;width:100%; background: #cd0e0e\"><\/span>\n<\/div>\n\n\n\t<\/div><\/div>\n<\/div>\n\n<div class=\"fw-row\">\n\t\n<div class=\" fw-col-xs-12 \" style=\"background: \">\n\t<p>Uninet Busines School conformo a partir del a\u00f1o 2017 la Red Internacional de Conferencistas, Expertos y Docentes con profesionales, empresarios y emprendedores entusiastas de la academia especializados en negocios, econom\u00eda, finanzas, marketing, tecnolog\u00eda y educaci\u00f3n.<\/p><p>RICED y Uninet Business School proporcionamos a nuestros integrantes una plataforma acad\u00e9mica internacional para ofrecer sus servicios a empresas y organizaciones en America Latina, Estados Unidos y Europa. Si usted desea integrarse a RICED lo invitamos a ser parte de nuestra prestigiosa Red.<\/p><\/div>\n<\/div>\n\n<div class=\"fw-row\">\n\t\n<div class=\" fw-col-xs-12 fw-col-sm-2 \" style=\"background: \">\n\t<div class=\"single-professor\">\n\t<div class=\"teacher\">\n\t\t<img decoding=\"async\" src=\"\/\/uninetbs.org\/wp-content\/uploads\/2018\/09\/4-1.jpg\" alt=\"LUIS MORENO\" class=\"img-circle img-responsive\"\/>\n\t<\/div>\n\t<h4>LUIS MORENO<\/h4>\n\t<h6>Ingeniero de Computaci\u00f3n<\/h6>\t\n\t<p>Consultor en Innovaci\u00f3n y Tecnolog\u00eda<\/p>\n\t<ul class=\"list-inline social-profile\">\n\n\t\t\t\t<li><a href=\"https:\/\/www.linkedin.com\/in\/luisenriquemoreno\/\" target=\"_blank\"><i class=\"fa fa-linkedin-square\"><\/i><\/a><\/li>\n\t\t\n\t\t\t\t\t<li><a href=\"\" target=\"_blank\"><i class=\"dashicons dashicons-twitter\"><\/i><\/a><\/li>\n\t\t\n\t\t<\/ul>\n\t\n<\/div><\/div>\n\n<div class=\" fw-col-xs-12 fw-col-sm-2 \" style=\"background: \">\n\t<div class=\"single-professor\">\n\t<div class=\"teacher\">\n\t\t<img decoding=\"async\" src=\"\/\/uninetbs.org\/wp-content\/uploads\/2018\/09\/1-1.jpg\" alt=\"NELS\u00d3N OSPEDALES\" class=\"img-circle img-responsive\"\/>\n\t<\/div>\n\t<h4>NELS\u00d3N OSPEDALES<\/h4>\n\t<h6>Economista<\/h6>\t\n\t<p>Empresario y Consultor en Finanzas<\/p>\n\t<ul class=\"list-inline social-profile\">\n\n\t\t\t\t<li><a href=\"https:\/\/www.linkedin.com\/in\/nelsonospedales\/\" target=\"_blank\"><i class=\"fa fa-linkedin-square\"><\/i><\/a><\/li>\n\t\t\n\t\t\t\t\t<li><a href=\"https:\/\/twitter.com\/nelsonospedales\" target=\"_blank\"><i class=\"dashicons dashicons-twitter\"><\/i><\/a><\/li>\n\t\t\n\t\t<\/ul>\n\t\n<\/div><\/div>\n\n<div class=\" fw-col-xs-12 fw-col-sm-2 \" style=\"background: \">\n\t<div class=\"single-professor\">\n\t<div class=\"teacher\">\n\t\t<img decoding=\"async\" src=\"\/\/uninetbs.org\/wp-content\/uploads\/2018\/09\/13-1.jpg\" alt=\"JAIME SANDOVAL\" class=\"img-circle img-responsive\"\/>\n\t<\/div>\n\t<h4>JAIME SANDOVAL<\/h4>\n\t<h6>Ingeniero Electr\u00f3nico<\/h6>\t\n\t<p>Consultor en Tecnolog\u00eda<\/p>\n\t<ul class=\"list-inline social-profile\">\n\n\t\t\t\t<li><a href=\"https:\/\/www.linkedin.com\/in\/srpoliloco\/\" target=\"_blank\"><i class=\"fa fa-linkedin-square\"><\/i><\/a><\/li>\n\t\t\n\t\t\t\t\t<li><a href=\"https:\/\/twitter.com\/srpoliloco\" target=\"_blank\"><i class=\"dashicons dashicons-twitter\"><\/i><\/a><\/li>\n\t\t\n\t\t<\/ul>\n\t\n<\/div><\/div>\n\n<div class=\" fw-col-xs-12 fw-col-sm-2 \" style=\"background: \">\n\t<div class=\"single-professor\">\n\t<div class=\"teacher\">\n\t\t<img decoding=\"async\" src=\"\/\/uninetbs.org\/wp-content\/uploads\/2018\/09\/5-1.jpg\" alt=\"GUILLERMO LARA\" class=\"img-circle img-responsive\"\/>\n\t<\/div>\n\t<h4>GUILLERMO LARA<\/h4>\n\t<h6>Economista<\/h6>\t\n\t<p>Asesor en Inversiones de Renta Fija<\/p>\n\t<ul class=\"list-inline social-profile\">\n\n\t\t\t\t<li><a href=\"https:\/\/www.linkedin.com\/in\/guillermo-lara-1908ab11a\/\" target=\"_blank\"><i class=\"fa fa-linkedin-square\"><\/i><\/a><\/li>\n\t\t\n\t\t\t\t\t<li><a href=\"https:\/\/twitter.com\/guillermoglarat\" target=\"_blank\"><i class=\"dashicons dashicons-twitter\"><\/i><\/a><\/li>\n\t\t\n\t\t<\/ul>\n\t\n<\/div><\/div>\n\n<div class=\" fw-col-xs-12 fw-col-sm-2 \" style=\"background: \">\n\t<div class=\"single-professor\">\n\t<div class=\"teacher\">\n\t\t<img decoding=\"async\" src=\"\/\/uninetbs.org\/wp-content\/uploads\/2018\/09\/2-1.jpg\" alt=\"LUIS P\u00c9REZ\" class=\"img-circle img-responsive\"\/>\n\t<\/div>\n\t<h4>LUIS P\u00c9REZ<\/h4>\n\t<h6>Abogado<\/h6>\t\n\t<p>Conferencista en educaci\u00f3n financiera<\/p>\n\t<ul class=\"list-inline social-profile\">\n\n\t\t\t\t<li><a href=\"https:\/\/www.linkedin.com\/in\/luis-alberto-p%C3%A9rez-medina-0b1bab9a\/\" target=\"_blank\"><i class=\"fa fa-linkedin-square\"><\/i><\/a><\/li>\n\t\t\n\t\t\t\t\t<li><a href=\"https:\/\/twitter.com\/luisperezmedina\" target=\"_blank\"><i class=\"dashicons dashicons-twitter\"><\/i><\/a><\/li>\n\t\t\n\t\t<\/ul>\n\t\n<\/div><\/div>\n\n<div class=\" fw-col-xs-12 fw-col-sm-2 \" style=\"background: \">\n\t<div class=\"single-professor\">\n\t<div class=\"teacher\">\n\t\t<img decoding=\"async\" src=\"\/\/uninetbs.org\/wp-content\/uploads\/2018\/09\/10-1.jpg\" alt=\"OMAR PINTO\" class=\"img-circle img-responsive\"\/>\n\t<\/div>\n\t<h4>OMAR PINTO<\/h4>\n\t<h6>Bioestadistico<\/h6>\t\n\t<p>Docente y Consultor en An\u00e1lisis T\u00e9cnico<\/p>\n\t<ul class=\"list-inline social-profile\">\n\n\t\t\t\t<li><a href=\"https:\/\/www.linkedin.com\/in\/guillermo-lara-1908ab11a\/https:\/\/www.linkedin.com\/in\/omar-pinto-09224426\/\" target=\"_blank\"><i class=\"fa fa-linkedin-square\"><\/i><\/a><\/li>\n\t\t\n\t\t\t\t\t<li><a href=\"http:\/\/uninetbs.com\/nuevaweb\/riced.html#\" target=\"_blank\"><i class=\"dashicons dashicons-twitter\"><\/i><\/a><\/li>\n\t\t\n\t\t<\/ul>\n\t\n<\/div><\/div>\n<\/div>\n\n<div class=\"fw-row\">\n\t\n<div class=\" fw-col-xs-12 fw-col-sm-2 \" style=\"background: \">\n\t<div class=\"single-professor\">\n\t<div class=\"teacher\">\n\t\t<img decoding=\"async\" src=\"\/\/uninetbs.org\/wp-content\/uploads\/2018\/09\/11-1.jpg\" alt=\"JUAN FARI\u00d1AS\" class=\"img-circle img-responsive\"\/>\n\t<\/div>\n\t<h4>JUAN FARI\u00d1AS<\/h4>\n\t<h6>Ingeniero en Telecomunicaciones<\/h6>\t\n\t<p>Consultor en Tecnolog\u00eda<\/p>\n\t<ul class=\"list-inline social-profile\">\n\n\t\t\t\t<li><a href=\"https:\/\/www.linkedin.com\/in\/juanfarinas\" target=\"_blank\"><i class=\"fa fa-linkedin-square\"><\/i><\/a><\/li>\n\t\t\n\t\t\t\t\t<li><a href=\"https:\/\/twitter.com\/juanfarinas\" target=\"_blank\"><i class=\"dashicons dashicons-twitter\"><\/i><\/a><\/li>\n\t\t\n\t\t<\/ul>\n\t\n<\/div><\/div>\n\n<div class=\" fw-col-xs-12 fw-col-sm-2 \" style=\"background: \">\n\t<div class=\"single-professor\">\n\t<div class=\"teacher\">\n\t\t<img decoding=\"async\" src=\"\/\/uninetbs.org\/wp-content\/uploads\/2018\/09\/3.jpg\" alt=\"JOHN MART\u00cdNEZ\" class=\"img-circle img-responsive\"\/>\n\t<\/div>\n\t<h4>JOHN MART\u00cdNEZ<\/h4>\n\t<h6>ngeniero en Computaci\u00f3n<\/h6>\t\n\t<p>Consultor en Proyectos TI<\/p>\n\t<ul class=\"list-inline social-profile\">\n\n\t\t\t\t<li><a href=\"https:\/\/www.linkedin.com\/in\/john-carlos-mart%C3%ADnez-ocampo-63600016\/\" target=\"_blank\"><i class=\"fa fa-linkedin-square\"><\/i><\/a><\/li>\n\t\t\n\t\t\t\t\t<li><a href=\"\" target=\"_blank\"><i class=\"dashicons dashicons-twitter\"><\/i><\/a><\/li>\n\t\t\n\t\t<\/ul>\n\t\n<\/div><\/div>\n\n<div class=\" fw-col-xs-12 fw-col-sm-2 \" style=\"background: \">\n\t<div class=\"single-professor\">\n\t<div class=\"teacher\">\n\t\t<img decoding=\"async\" src=\"\/\/uninetbs.org\/wp-content\/uploads\/2018\/09\/16.jpg\" alt=\"OSCAR MAR\u00cdN\" class=\"img-circle img-responsive\"\/>\n\t<\/div>\n\t<h4>OSCAR MAR\u00cdN<\/h4>\n\t<h6>Economista<\/h6>\t\n\t<p>Consultor en Proyectos de Criptomonedas<\/p>\n\t<ul class=\"list-inline social-profile\">\n\n\t\t\t\t<li><a href=\"\" target=\"_blank\"><i class=\"fa fa-linkedin-square\"><\/i><\/a><\/li>\n\t\t\n\t\t\t\t\t<li><a href=\"\" target=\"_blank\"><i class=\"dashicons dashicons-twitter\"><\/i><\/a><\/li>\n\t\t\n\t\t<\/ul>\n\t\n<\/div><\/div>\n\n<div class=\" fw-col-xs-12 fw-col-sm-2 \" style=\"background: \">\n\t<div class=\"single-professor\">\n\t<div class=\"teacher\">\n\t\t<img decoding=\"async\" src=\"\/\/uninetbs.org\/wp-content\/uploads\/2018\/09\/8.jpg\" alt=\"BELKIS BENITEZ\" class=\"img-circle img-responsive\"\/>\n\t<\/div>\n\t<h4>BELKIS BENITEZ<\/h4>\n\t<h6>Economista<\/h6>\t\n\t<p>Docente en Innovaci\u00f3n y Emprendimiento<\/p>\n\t<ul class=\"list-inline social-profile\">\n\n\t\t\t\t<li><a href=\"https:\/\/www.linkedin.com\/in\/belkis-benitez-a94a2449\/\" target=\"_blank\"><i class=\"fa fa-linkedin-square\"><\/i><\/a><\/li>\n\t\t\n\t\t\t\t\t<li><a href=\"https:\/\/twitter.com\/blepb\" target=\"_blank\"><i class=\"dashicons dashicons-twitter\"><\/i><\/a><\/li>\n\t\t\n\t\t<\/ul>\n\t\n<\/div><\/div>\n\n<div class=\" fw-col-xs-12 fw-col-sm-2 \" style=\"background: \">\n\t<div class=\"single-professor\">\n\t<div class=\"teacher\">\n\t\t<img decoding=\"async\" src=\"\/\/uninetbs.org\/wp-content\/uploads\/2018\/09\/6.jpg\" alt=\"CRISTINA MAYER\" class=\"img-circle img-responsive\"\/>\n\t<\/div>\n\t<h4>CRISTINA MAYER<\/h4>\n\t<h6>Economista<\/h6>\t\n\t<p>Especialista y Consultora en Criptomonedas<\/p>\n\t<ul class=\"list-inline social-profile\">\n\n\t\t\t\t<li><a href=\"https:\/\/www.linkedin.com\/in\/cristina-mayer-45a363115\/\" target=\"_blank\"><i class=\"fa fa-linkedin-square\"><\/i><\/a><\/li>\n\t\t\n\t\t\t\t\t<li><a href=\"\" target=\"_blank\"><i class=\"dashicons dashicons-twitter\"><\/i><\/a><\/li>\n\t\t\n\t\t<\/ul>\n\t\n<\/div><\/div>\n\n<div class=\" fw-col-xs-12 fw-col-sm-2 \" style=\"background: \">\n\t<div class=\"single-professor\">\n\t<div class=\"teacher\">\n\t\t<img decoding=\"async\" src=\"\/\/uninetbs.org\/wp-content\/uploads\/2018\/09\/15-1.jpg\" alt=\"HENDER LABRADOR\" class=\"img-circle img-responsive\"\/>\n\t<\/div>\n\t<h4>HENDER LABRADOR<\/h4>\n\t<h6>Licenciado en Educaci\u00f3n<\/h6>\t\n\t<p>Consultor en Marketing<\/p>\n\t<ul class=\"list-inline social-profile\">\n\n\t\t\t\t<li><a href=\"https:\/\/www.linkedin.com\/in\/henderlabradors\/\" target=\"_blank\"><i class=\"fa fa-linkedin-square\"><\/i><\/a><\/li>\n\t\t\n\t\t\t\t\t<li><a href=\"https:\/\/twitter.com\/henderlabradors\" target=\"_blank\"><i class=\"dashicons dashicons-twitter\"><\/i><\/a><\/li>\n\t\t\n\t\t<\/ul>\n\t\n<\/div><\/div>\n<\/div>\n\n<div class=\"fw-row\">\n\t\n<div class=\" fw-col-xs-12 fw-col-sm-2 \" style=\"background: \">\n\t<div class=\"single-professor\">\n\t<div class=\"teacher\">\n\t\t<img decoding=\"async\" src=\"\/\/uninetbs.org\/wp-content\/uploads\/2018\/09\/20.jpg\" alt=\"MIGUEL BRICE\u00d1O\" class=\"img-circle img-responsive\"\/>\n\t<\/div>\n\t<h4>MIGUEL BRICE\u00d1O<\/h4>\n\t<h6>Administrador<\/h6>\t\n\t<p>Docente y Consultor en Educaci\u00f3n<\/p>\n\t<ul class=\"list-inline social-profile\">\n\n\t\t\t\t<li><a href=\"\" target=\"_blank\"><i class=\"fa fa-linkedin-square\"><\/i><\/a><\/li>\n\t\t\n\t\t\t\t\t<li><a href=\"https:\/\/twitter.com\/bricemat\" target=\"_blank\"><i class=\"dashicons dashicons-twitter\"><\/i><\/a><\/li>\n\t\t\n\t\t<\/ul>\n\t\n<\/div><\/div>\n\n<div class=\" fw-col-xs-12 fw-col-sm-2 \" style=\"background: \">\n\t<div class=\"single-professor\">\n\t<div class=\"teacher\">\n\t\t<img decoding=\"async\" src=\"\/\/uninetbs.org\/wp-content\/uploads\/2018\/09\/19.jpg\" alt=\"FRANKLIN ROLD\u00c1N\" class=\"img-circle img-responsive\"\/>\n\t<\/div>\n\t<h4>FRANKLIN ROLD\u00c1N<\/h4>\n\t<h6>Dise\u00f1ador Gr\u00e1fico<\/h6>\t\n\t<p>Consultor en Proyectos Digitales<\/p>\n\t<ul class=\"list-inline social-profile\">\n\n\t\t\t\t<li><a href=\"https:\/\/www.linkedin.com\/in\/guillermo-lara-1908ab11a\/\" target=\"_blank\"><i class=\"fa fa-linkedin-square\"><\/i><\/a><\/li>\n\t\t\n\t\t\t\t\t<li><a href=\"https:\/\/twitter.com\/guillermoglarat\" target=\"_blank\"><i class=\"dashicons dashicons-twitter\"><\/i><\/a><\/li>\n\t\t\n\t\t<\/ul>\n\t\n<\/div><\/div>\n\n<div class=\" fw-col-xs-12 fw-col-sm-2 \" style=\"background: \">\n\t<div class=\"single-professor\">\n\t<div class=\"teacher\">\n\t\t<img decoding=\"async\" src=\"\/\/uninetbs.org\/wp-content\/uploads\/2018\/09\/17.jpg\" alt=\"FREDY D\u00cdAZ\" class=\"img-circle img-responsive\"\/>\n\t<\/div>\n\t<h4>FREDY D\u00cdAZ<\/h4>\n\t<h6>Administrador<\/h6>\t\n\t<p>Consultor en Desarrollo Blockchain<\/p>\n\t<ul class=\"list-inline social-profile\">\n\n\t\t\t\t<li><a href=\"https:\/\/www.linkedin.com\/in\/fredy-diaz-755776125\/\" target=\"_blank\"><i class=\"fa fa-linkedin-square\"><\/i><\/a><\/li>\n\t\t\n\t\t\t\t\t<li><a href=\"\" target=\"_blank\"><i class=\"dashicons dashicons-twitter\"><\/i><\/a><\/li>\n\t\t\n\t\t<\/ul>\n\t\n<\/div><\/div>\n\n<div class=\" fw-col-xs-12 fw-col-sm-2 \" style=\"background: \">\n\t<div class=\"single-professor\">\n\t<div class=\"teacher\">\n\t\t<img decoding=\"async\" src=\"\/\/uninetbs.org\/wp-content\/uploads\/2018\/09\/14-1.jpg\" alt=\"MARCO VERA\" class=\"img-circle img-responsive\"\/>\n\t<\/div>\n\t<h4>MARCO VERA<\/h4>\n\t<h6>Consultor<\/h6>\t\n\t<p>Emprendedor y Especialista en Marketing<\/p>\n\t<ul class=\"list-inline social-profile\">\n\n\t\t\t\t<li><a href=\"https:\/\/www.linkedin.com\/in\/marco-vera-ramirez-534b12144\/\" target=\"_blank\"><i class=\"fa fa-linkedin-square\"><\/i><\/a><\/li>\n\t\t\n\t\t\t\t\t<li><a href=\"https:\/\/twitter.com\/virtual_marcas\" target=\"_blank\"><i class=\"dashicons dashicons-twitter\"><\/i><\/a><\/li>\n\t\t\n\t\t<\/ul>\n\t\n<\/div><\/div>\n\n<div class=\" fw-col-xs-12 fw-col-sm-2 \" style=\"background: \">\n\t<div class=\"single-professor\">\n\t<div class=\"teacher\">\n\t\t<img decoding=\"async\" src=\"\/\/uninetbs.org\/wp-content\/uploads\/2018\/09\/18.jpg\" alt=\"ALEX RAM\u00cdREZ\" class=\"img-circle img-responsive\"\/>\n\t<\/div>\n\t<h4>ALEX RAM\u00cdREZ<\/h4>\n\t<h6>Mercad\u00f3logo y Publicista<\/h6>\t\n\t<p>Consultor en Gesti\u00f3n Comercial<\/p>\n\t<ul class=\"list-inline social-profile\">\n\n\t\t\t\t<li><a href=\"https:\/\/www.linkedin.com\/in\/alexramirezo\/\" target=\"_blank\"><i class=\"fa fa-linkedin-square\"><\/i><\/a><\/li>\n\t\t\n\t\t\t\t\t<li><a href=\"\" target=\"_blank\"><i class=\"dashicons dashicons-twitter\"><\/i><\/a><\/li>\n\t\t\n\t\t<\/ul>\n\t\n<\/div><\/div>\n\n<div class=\" fw-col-xs-12 fw-col-sm-2 \" style=\"background: \">\n\t<div class=\"single-professor\">\n\t<div class=\"teacher\">\n\t\t<img decoding=\"async\" src=\"\/\/uninetbs.org\/wp-content\/uploads\/2018\/09\/21.jpg\" alt=\"ANDR\u00c9S MURCIA\" class=\"img-circle img-responsive\"\/>\n\t<\/div>\n\t<h4>ANDR\u00c9S MURCIA<\/h4>\n\t<h6>Dise\u00f1ador Gr\u00e1fico<\/h6>\t\n\t<p>Experto en Marketing Digital<\/p>\n\t<ul class=\"list-inline social-profile\">\n\n\t\t\t\t<li><a href=\"https:\/\/www.linkedin.com\/in\/simplemente\/\" target=\"_blank\"><i class=\"fa fa-linkedin-square\"><\/i><\/a><\/li>\n\t\t\n\t\t\t\t\t<li><a href=\"https:\/\/twitter.com\/wizardam\" target=\"_blank\"><i class=\"dashicons dashicons-twitter\"><\/i><\/a><\/li>\n\t\t\n\t\t<\/ul>\n\t\n<\/div><\/div>\n<\/div>\n\n<div class=\"fw-row\">\n\t\n<div class=\" fw-col-xs-12 fw-col-sm-2 \" style=\"background: \">\n\t<div class=\"single-professor\">\n\t<div class=\"teacher\">\n\t\t<img decoding=\"async\" src=\"\/\/uninetbs.org\/wp-content\/uploads\/2018\/09\/12-1.jpg\" alt=\"SERGIO OSPINA\" class=\"img-circle img-responsive\"\/>\n\t<\/div>\n\t<h4>SERGIO OSPINA<\/h4>\n\t<h6>Comunicador Social<\/h6>\t\n\t<p>Consultor en Marketing y Publicidad Digital<\/p>\n\t<ul class=\"list-inline social-profile\">\n\n\t\t\t\t<li><a href=\"https:\/\/www.linkedin.com\/in\/sergio-ospina-calle\/\" target=\"_blank\"><i class=\"fa fa-linkedin-square\"><\/i><\/a><\/li>\n\t\t\n\t\t\t\t\t<li><a href=\"https:\/\/twitter.com\/lenteospina\" target=\"_blank\"><i class=\"dashicons dashicons-twitter\"><\/i><\/a><\/li>\n\t\t\n\t\t<\/ul>\n\t\n<\/div><\/div>\n\n<div class=\" fw-col-xs-12 fw-col-sm-2 \" style=\"background: \">\n\t<div class=\"single-professor\">\n\t<div class=\"teacher\">\n\t\t<img decoding=\"async\" src=\"\/\/uninetbs.org\/wp-content\/uploads\/2018\/09\/22.jpg\" alt=\"JHENZELL DELGADO\" class=\"img-circle img-responsive\"\/>\n\t<\/div>\n\t<h4>JHENZELL DELGADO<\/h4>\n\t<h6>Mercad\u00f3logo<\/h6>\t\n\t<p>Consultor en Marketing Digital<\/p>\n\t<ul class=\"list-inline social-profile\">\n\n\t\t\t\t<li><a href=\"https:\/\/www.linkedin.com\/in\/jhenzell-delgado-bb2224aa\" target=\"_blank\"><i class=\"fa fa-linkedin-square\"><\/i><\/a><\/li>\n\t\t\n\t\t\t\t\t<li><a href=\"\" target=\"_blank\"><i class=\"dashicons dashicons-twitter\"><\/i><\/a><\/li>\n\t\t\n\t\t<\/ul>\n\t\n<\/div><\/div>\n\n<div class=\" fw-col-xs-12 fw-col-sm-2 \" style=\"background: \">\n\t<div class=\"single-professor\">\n\t<div class=\"teacher\">\n\t\t<img decoding=\"async\" src=\"\/\/uninetbs.org\/wp-content\/uploads\/2018\/09\/ANGEL.jpg\" alt=\"\u00c1NGEL MEL\u00c9NDEZ\" class=\"img-circle img-responsive\"\/>\n\t<\/div>\n\t<h4>\u00c1NGEL MEL\u00c9NDEZ<\/h4>\n\t<h6>Abogado<\/h6>\t\n\t<p>Especialista en corporativo, laboral y contrataci\u00f3n<\/p>\n\t<ul class=\"list-inline social-profile\">\n\n\t\t\t\t<li><a href=\"https:\/\/www.linkedin.com\/in\/angel-melendez-cardoza-70522766\/\" target=\"_blank\"><i class=\"fa fa-linkedin-square\"><\/i><\/a><\/li>\n\t\t\n\t\t\t\t\t<li><a href=\"\" target=\"_blank\"><i class=\"dashicons dashicons-twitter\"><\/i><\/a><\/li>\n\t\t\n\t\t<\/ul>\n\t\n<\/div><\/div>\n\n<div class=\" fw-col-xs-12 fw-col-sm-2 \" style=\"background: \">\n\t<div class=\"single-professor\">\n\t<div class=\"teacher\">\n\t\t<img decoding=\"async\" src=\"\/\/uninetbs.org\/wp-content\/uploads\/2018\/09\/leonel.jpg\" alt=\"LEONEL PAREDES\" class=\"img-circle img-responsive\"\/>\n\t<\/div>\n\t<h4>LEONEL PAREDES<\/h4>\n\t<h6>Ingeniero Electr\u00f3nico<\/h6>\t\n\t<p>Docente e Investigador en rob\u00f3tica<\/p>\n\t<ul class=\"list-inline social-profile\">\n\n\t\t\t\t<li><a href=\"https:\/\/www.linkedin.com\/in\/leonel-paredes-29844a73\/detail\/photo\/\" target=\"_blank\"><i class=\"fa fa-linkedin-square\"><\/i><\/a><\/li>\n\t\t\n\t\t\t\t\t<li><a href=\"\" target=\"_blank\"><i class=\"dashicons dashicons-twitter\"><\/i><\/a><\/li>\n\t\t\n\t\t<\/ul>\n\t\n<\/div><\/div>\n<\/div>\n\n\t<\/div>\n<\/div>\n\n","protected":false},"excerpt":{"rendered":"RED INTERNACIONAL DE CONFERENCISTAS, EXPERTOS Y DOCENTES Uninet [&hellip;]","protected":false},"author":1,"featured_media":0,"parent":0,"menu_order":0,"comment_status":"closed","ping_status":"closed","template":"page-templates\/template-fullwidth.php","meta":{"footnotes":""},"class_list":["post-10","page","type-page","status-publish","hentry"],"_links":{"self":[{"href":"https:\/\/uninetbs.org\/index.php\/wp-json\/wp\/v2\/pages\/10","targetHints":{"allow":["GET"]}}],"collection":[{"href":"https:\/\/uninetbs.org\/index.php\/wp-json\/wp\/v2\/pages"}],"about":[{"href":"https:\/\/uninetbs.org\/index.php\/wp-json\/wp\/v2\/types\/page"}],"author":[{"embeddable":true,"href":"https:\/\/uninetbs.org\/index.php\/wp-json\/wp\/v2\/users\/1"}],"replies":[{"embeddable":true,"href":"https:\/\/uninetbs.org\/index.php\/wp-json\/wp\/v2\/comments?post=10"}],"version-history":[{"count":18,"href":"https:\/\/uninetbs.org\/index.php\/wp-json\/wp\/v2\/pages\/10\/revisions"}],"predecessor-version":[{"id":438,"href":"https:\/\/uninetbs.org\/index.php\/wp-json\/wp\/v2\/pages\/10\/revisions\/438"}],"wp:attachment":[{"href":"https:\/\/uninetbs.org\/index.php\/wp-json\/wp\/v2\/media?parent=10"}],"curies":[{"name":"wp","href":"https:\/\/api.w.org\/{rel}","templated":true}]}}